{"id":517,"date":"2023-10-21T07:50:47","date_gmt":"2023-10-21T07:50:47","guid":{"rendered":"https:\/\/czip.me\/?page_id=517"},"modified":"2023-10-24T16:27:33","modified_gmt":"2023-10-24T16:27:33","slug":"blog","status":"publish","type":"page","link":"https:\/\/czip.me\/en\/blog\/","title":{"rendered":"Blog"},"content":{"rendered":"\t\t<div data-elementor-type=\"wp-page\" data-elementor-id=\"517\" class=\"elementor elementor-517\" data-elementor-post-type=\"page\">\n\t\t\t\t<div class=\"elementor-element elementor-element-0bcf13f e-flex e-con-boxed e-con e-parent\" data-id=\"0bcf13f\" data-element_type=\"container\" data-e-type=\"container\">\n\t\t\t\t\t<div class=\"e-con-inner\">\n\t\t\t\t<div class=\"elementor-element elementor-element-f12edef elementor-grid-3 elementor-grid-tablet-2 elementor-grid-mobile-1 elementor-posts--thumbnail-top elementor-posts__hover-gradient elementor-widget elementor-widget-posts\" data-id=\"f12edef\" data-element_type=\"widget\" data-e-type=\"widget\" data-settings=\"{&quot;pagination_type&quot;:&quot;numbers&quot;,&quot;cards_columns&quot;:&quot;3&quot;,&quot;cards_columns_tablet&quot;:&quot;2&quot;,&quot;cards_columns_mobile&quot;:&quot;1&quot;,&quot;cards_row_gap&quot;:{&quot;unit&quot;:&quot;px&quot;,&quot;size&quot;:35,&quot;sizes&quot;:[]},&quot;cards_row_gap_tablet&quot;:{&quot;unit&quot;:&quot;px&quot;,&quot;size&quot;:&quot;&quot;,&quot;sizes&quot;:[]},&quot;cards_row_gap_mobile&quot;:{&quot;unit&quot;:&quot;px&quot;,&quot;size&quot;:&quot;&quot;,&quot;sizes&quot;:[]}}\" data-widget_type=\"posts.cards\">\n\t\t\t\t<div class=\"elementor-widget-container\">\n\t\t\t\t\t\t\t<div class=\"elementor-posts-container elementor-posts elementor-posts--skin-cards elementor-grid\" role=\"list\">\n\t\t\t\t<article class=\"elementor-post elementor-grid-item post-25389 post type-post status-publish format-standard has-post-thumbnail hentry category-blog\" role=\"listitem\">\n\t\t\t<div class=\"elementor-post__card\">\n\t\t\t\t<a class=\"elementor-post__thumbnail__link\" href=\"https:\/\/czip.me\/en\/2024\/01\/26\/do-birds-more-often-opt-for-marriage-or-divorce\/\" tabindex=\"-1\" ><div class=\"elementor-post__thumbnail\"><img fetchpriority=\"high\" decoding=\"async\" width=\"300\" height=\"225\" src=\"https:\/\/czip.me\/wp-content\/uploads\/2024\/01\/Flamingosi1-300x225.jpg\" class=\"attachment-medium size-medium wp-image-25388\" alt=\"\" srcset=\"https:\/\/czip.me\/wp-content\/uploads\/2024\/01\/Flamingosi1-300x225.jpg 300w, https:\/\/czip.me\/wp-content\/uploads\/2024\/01\/Flamingosi1-600x450.jpg 600w, https:\/\/czip.me\/wp-content\/uploads\/2024\/01\/Flamingosi1-1024x768.jpg 1024w, https:\/\/czip.me\/wp-content\/uploads\/2024\/01\/Flamingosi1-768x576.jpg 768w, https:\/\/czip.me\/wp-content\/uploads\/2024\/01\/Flamingosi1-1536x1152.jpg 1536w, https:\/\/czip.me\/wp-content\/uploads\/2024\/01\/Flamingosi1.jpg 1980w\" sizes=\"(max-width: 300px) 100vw, 300px\" \/><\/div><\/a>\n\t\t\t\t<div class=\"elementor-post__text\">\n\t\t\t\t<h3 class=\"elementor-post__title\">\n\t\t\t<a href=\"https:\/\/czip.me\/en\/2024\/01\/26\/do-birds-more-often-opt-for-marriage-or-divorce\/\" >\n\t\t\t\tDo birds more often opt for marriage or divorce?\t\t\t<\/a>\n\t\t<\/h3>\n\t\t\t\t<div class=\"elementor-post__excerpt\">\n\t\t\t<p>Kako se ptice pona\u0161aju u &#8220;ljubavi&#8221;? Koje su najvernije, a koje najromanti\u010dnije? Kod kojih vrsta se javljaju slu\u010dajevi &#8220;bra\u010dnog nevjerstva&#8221;? Na ova i jo\u0161 neka pitanja&#8230;<\/p>\n\t\t<\/div>\n\t\t\n\t\t<a class=\"elementor-post__read-more\" href=\"https:\/\/czip.me\/en\/2024\/01\/26\/do-birds-more-often-opt-for-marriage-or-divorce\/\" aria-label=\"Read more about Do birds more often opt for marriage or divorce?\" tabindex=\"-1\" >\n\t\t\tRead more\t\t<\/a>\n\n\t\t\t\t<\/div>\n\t\t\t\t\t<\/div>\n\t\t<\/article>\n\t\t\t\t<article class=\"elementor-post elementor-grid-item post-25392 post type-post status-publish format-standard has-post-thumbnail hentry category-blog\" role=\"listitem\">\n\t\t\t<div class=\"elementor-post__card\">\n\t\t\t\t<a class=\"elementor-post__thumbnail__link\" href=\"https:\/\/czip.me\/en\/2024\/01\/26\/are-birds-descendants-of-dinosaurs\/\" tabindex=\"-1\" ><div class=\"elementor-post__thumbnail\"><img decoding=\"async\" width=\"300\" height=\"169\" src=\"https:\/\/czip.me\/wp-content\/uploads\/2024\/01\/Arheopteriks1-300x169.jpg\" class=\"attachment-medium size-medium wp-image-25386\" alt=\"\" srcset=\"https:\/\/czip.me\/wp-content\/uploads\/2024\/01\/Arheopteriks1-300x169.jpg 300w, https:\/\/czip.me\/wp-content\/uploads\/2024\/01\/Arheopteriks1-600x338.jpg 600w, https:\/\/czip.me\/wp-content\/uploads\/2024\/01\/Arheopteriks1.jpg 650w\" sizes=\"(max-width: 300px) 100vw, 300px\" \/><\/div><\/a>\n\t\t\t\t<div class=\"elementor-post__text\">\n\t\t\t\t<h3 class=\"elementor-post__title\">\n\t\t\t<a href=\"https:\/\/czip.me\/en\/2024\/01\/26\/are-birds-descendants-of-dinosaurs\/\" >\n\t\t\t\tAre birds descendants of dinosaurs?\t\t\t<\/a>\n\t\t<\/h3>\n\t\t\t\t<div class=\"elementor-post__excerpt\">\n\t\t\t<p>U periodu izuzetne konkurencije i razvijenog predatorstva u razdoblju krede (prije 146 miliona godina) bilo je nephodno na\u0107i dio prirodnog stani\u0161ta u kojem je mogu\u0107e pre\u017eivjeti.<\/p>\n\t\t<\/div>\n\t\t\n\t\t<a class=\"elementor-post__read-more\" href=\"https:\/\/czip.me\/en\/2024\/01\/26\/are-birds-descendants-of-dinosaurs\/\" aria-label=\"Read more about Are birds descendants of dinosaurs?\" tabindex=\"-1\" >\n\t\t\tRead more\t\t<\/a>\n\n\t\t\t\t<\/div>\n\t\t\t\t\t<\/div>\n\t\t<\/article>\n\t\t\t\t<article class=\"elementor-post elementor-grid-item post-25394 post type-post status-publish format-standard has-post-thumbnail hentry category-blog\" role=\"listitem\">\n\t\t\t<div class=\"elementor-post__card\">\n\t\t\t\t<a class=\"elementor-post__thumbnail__link\" href=\"https:\/\/czip.me\/en\/2024\/01\/26\/post-corona-bucket-list-prokletije\/\" tabindex=\"-1\" ><div class=\"elementor-post__thumbnail\"><img decoding=\"async\" width=\"300\" height=\"200\" src=\"https:\/\/czip.me\/wp-content\/uploads\/2024\/01\/Grebaje-300x200.jpg\" class=\"attachment-medium size-medium wp-image-25098\" alt=\"\" srcset=\"https:\/\/czip.me\/wp-content\/uploads\/2024\/01\/Grebaje-300x200.jpg 300w, https:\/\/czip.me\/wp-content\/uploads\/2024\/01\/Grebaje-600x400.jpg 600w, https:\/\/czip.me\/wp-content\/uploads\/2024\/01\/Grebaje-1024x683.jpg 1024w, https:\/\/czip.me\/wp-content\/uploads\/2024\/01\/Grebaje-768x512.jpg 768w, https:\/\/czip.me\/wp-content\/uploads\/2024\/01\/Grebaje-1536x1024.jpg 1536w, https:\/\/czip.me\/wp-content\/uploads\/2024\/01\/Grebaje.jpg 1600w\" sizes=\"(max-width: 300px) 100vw, 300px\" \/><\/div><\/a>\n\t\t\t\t<div class=\"elementor-post__text\">\n\t\t\t\t<h3 class=\"elementor-post__title\">\n\t\t\t<a href=\"https:\/\/czip.me\/en\/2024\/01\/26\/post-corona-bucket-list-prokletije\/\" >\n\t\t\t\tPost-corona bucket list \u2013 Prokletije\t\t\t<\/a>\n\t\t<\/h3>\n\t\t\t\t<div class=\"elementor-post__excerpt\">\n\t\t\t<p>Kada ka\u017eemo \u201eputovanje&#8221; obi\u010dno prvo pomislimo na bukiranje avionske karte, planiranje obilaska neke egzoti\u010dne i atraktivne destinacije, otkrivanje drugih kultura i obi\u010daja u inostranstvu daleko od mjesta na kojem \u017eivimo.<\/p>\n\t\t<\/div>\n\t\t\n\t\t<a class=\"elementor-post__read-more\" href=\"https:\/\/czip.me\/en\/2024\/01\/26\/post-corona-bucket-list-prokletije\/\" aria-label=\"Read more about Post-corona bucket list \u2013 Prokletije\" tabindex=\"-1\" >\n\t\t\tRead more\t\t<\/a>\n\n\t\t\t\t<\/div>\n\t\t\t\t\t<\/div>\n\t\t<\/article>\n\t\t\t\t<\/div>\n\t\t\n\t\t\t\t\t\t<\/div>\n\t\t\t\t<\/div>\n\t\t\t\t\t<\/div>\n\t\t\t\t<\/div>\n\t\t\t\t<\/div>\n\t\t","protected":false},"excerpt":{"rendered":"","protected":false},"author":1,"featured_media":518,"parent":0,"menu_order":0,"comment_status":"closed","ping_status":"closed","template":"template-heading.php","meta":{"_acf_changed":false,"ngg_post_thumbnail":0,"footnotes":""},"class_list":["post-517","page","type-page","status-publish","has-post-thumbnail","hentry"],"acf":[],"_links":{"self":[{"href":"https:\/\/czip.me\/en\/wp-json\/wp\/v2\/pages\/517","targetHints":{"allow":["GET"]}}],"collection":[{"href":"https:\/\/czip.me\/en\/wp-json\/wp\/v2\/pages"}],"about":[{"href":"https:\/\/czip.me\/en\/wp-json\/wp\/v2\/types\/page"}],"author":[{"embeddable":true,"href":"https:\/\/czip.me\/en\/wp-json\/wp\/v2\/users\/1"}],"replies":[{"embeddable":true,"href":"https:\/\/czip.me\/en\/wp-json\/wp\/v2\/comments?post=517"}],"version-history":[{"count":5,"href":"https:\/\/czip.me\/en\/wp-json\/wp\/v2\/pages\/517\/revisions"}],"predecessor-version":[{"id":21234,"href":"https:\/\/czip.me\/en\/wp-json\/wp\/v2\/pages\/517\/revisions\/21234"}],"wp:featuredmedia":[{"embeddable":true,"href":"https:\/\/czip.me\/en\/wp-json\/wp\/v2\/media\/518"}],"wp:attachment":[{"href":"https:\/\/czip.me\/en\/wp-json\/wp\/v2\/media?parent=517"}],"curies":[{"name":"wp","href":"https:\/\/api.w.org\/{rel}","templated":true}]}}